{"id":13,"date":"2022-01-23T18:27:04","date_gmt":"2022-01-23T18:27:04","guid":{"rendered":"https:\/\/strassenbau-leitz.de\/?page_id=13"},"modified":"2022-01-23T21:13:24","modified_gmt":"2022-01-23T21:13:24","slug":"unsere-maschinen","status":"publish","type":"page","link":"https:\/\/strassenbau-leitz.de\/?page_id=13","title":{"rendered":"Unsere Maschinen"},"content":{"rendered":"\t\t<div data-elementor-type=\"wp-page\" data-elementor-id=\"13\" class=\"elementor elementor-13\">\n\t\t\t\t\t\t\t\t\t<section class=\"elementor-section elementor-top-section elementor-element elementor-element-d07dcf6 elementor-section-boxed elementor-section-height-default elementor-section-height-default\" data-id=\"d07dcf6\" data-element_type=\"section\">\n\t\t\t\t\t\t<div class=\"elementor-container elementor-column-gap-default\">\n\t\t\t\t\t<div class=\"elementor-column elementor-col-100 elementor-top-column elementor-element elementor-element-90d6996\" data-id=\"90d6996\" data-element_type=\"column\">\n\t\t\t<div class=\"elementor-widget-wrap elementor-element-populated\">\n\t\t\t\t\t\t\t\t<div class=\"elementor-element elementor-element-e6deeb4 elementor-widget elementor-widget-image\" data-id=\"e6deeb4\" data-element_type=\"widget\" data-widget_type=\"image.default\">\n\t\t\t\t<div class=\"elementor-widget-container\">\n\t\t\t<style>\/*! elementor - v3.11.1 - 15-02-2023 *\/\n.elementor-widget-image{text-align:center}.elementor-widget-image a{display:inline-block}.elementor-widget-image a img[src$=\".svg\"]{width:48px}.elementor-widget-image img{vertical-align:middle;display:inline-block}<\/style>\t\t\t\t\t\t\t\t\t\t\t\t\t<a href=\"https:\/\/strassenbau-leitz.de\/wp-content\/uploads\/2022\/01\/bagger1.jpg\" data-elementor-open-lightbox=\"yes\" data-elementor-lightbox-title=\"bagger1\" data-e-action-hash=\"#elementor-action%3Aaction%3Dlightbox%26settings%3DeyJpZCI6MTQwLCJ1cmwiOiJodHRwczpcL1wvc3RyYXNzZW5iYXUtbGVpdHouZGVcL3dwLWNvbnRlbnRcL3VwbG9hZHNcLzIwMjJcLzAxXC9iYWdnZXIxLmpwZyJ9\">\n\t\t\t\t\t\t\t<img decoding=\"async\" width=\"800\" height=\"388\" src=\"https:\/\/strassenbau-leitz.de\/wp-content\/uploads\/2022\/01\/bagger1-1024x497.jpg\" class=\"attachment-large size-large wp-image-140\" alt=\"\" loading=\"lazy\" srcset=\"https:\/\/strassenbau-leitz.de\/wp-content\/uploads\/2022\/01\/bagger1-1024x497.jpg 1024w, https:\/\/strassenbau-leitz.de\/wp-content\/uploads\/2022\/01\/bagger1-300x146.jpg 300w, https:\/\/strassenbau-leitz.de\/wp-content\/uploads\/2022\/01\/bagger1-768x373.jpg 768w, https:\/\/strassenbau-leitz.de\/wp-content\/uploads\/2022\/01\/bagger1-1536x746.jpg 1536w, https:\/\/strassenbau-leitz.de\/wp-content\/uploads\/2022\/01\/bagger1.jpg 1600w\" sizes=\"(max-width: 800px) 100vw, 800px\" \/>\t\t\t\t\t\t\t\t<\/a>\n\t\t\t\t\t\t\t\t\t\t\t\t\t\t\t<\/div>\n\t\t\t\t<\/div>\n\t\t\t\t<div class=\"elementor-element elementor-element-9ded3bd elementor-widget elementor-widget-image\" data-id=\"9ded3bd\" data-element_type=\"widget\" data-widget_type=\"image.default\">\n\t\t\t\t<div class=\"elementor-widget-container\">\n\t\t\t\t\t\t\t\t\t\t\t\t\t\t\t\t<a href=\"https:\/\/strassenbau-leitz.de\/wp-content\/uploads\/2022\/01\/bagger2.jpg\" data-elementor-open-lightbox=\"yes\" data-elementor-lightbox-title=\"bagger2\" data-e-action-hash=\"#elementor-action%3Aaction%3Dlightbox%26settings%3DeyJpZCI6MTM5LCJ1cmwiOiJodHRwczpcL1wvc3RyYXNzZW5iYXUtbGVpdHouZGVcL3dwLWNvbnRlbnRcL3VwbG9hZHNcLzIwMjJcLzAxXC9iYWdnZXIyLmpwZyJ9\">\n\t\t\t\t\t\t\t<img decoding=\"async\" width=\"800\" height=\"388\" src=\"https:\/\/strassenbau-leitz.de\/wp-content\/uploads\/2022\/01\/bagger2-1024x497.jpg\" class=\"attachment-large size-large wp-image-139\" alt=\"\" loading=\"lazy\" srcset=\"https:\/\/strassenbau-leitz.de\/wp-content\/uploads\/2022\/01\/bagger2-1024x497.jpg 1024w, https:\/\/strassenbau-leitz.de\/wp-content\/uploads\/2022\/01\/bagger2-300x146.jpg 300w, https:\/\/strassenbau-leitz.de\/wp-content\/uploads\/2022\/01\/bagger2-768x373.jpg 768w, https:\/\/strassenbau-leitz.de\/wp-content\/uploads\/2022\/01\/bagger2-1536x746.jpg 1536w, https:\/\/strassenbau-leitz.de\/wp-content\/uploads\/2022\/01\/bagger2.jpg 1600w\" sizes=\"(max-width: 800px) 100vw, 800px\" \/>\t\t\t\t\t\t\t\t<\/a>\n\t\t\t\t\t\t\t\t\t\t\t\t\t\t\t<\/div>\n\t\t\t\t<\/div>\n\t\t\t\t<div class=\"elementor-element elementor-element-23d7018 elementor-widget elementor-widget-image\" data-id=\"23d7018\" data-element_type=\"widget\" data-widget_type=\"image.default\">\n\t\t\t\t<div class=\"elementor-widget-container\">\n\t\t\t\t\t\t\t\t\t\t\t\t\t\t\t\t<a href=\"https:\/\/strassenbau-leitz.de\/wp-content\/uploads\/2022\/01\/bagger3-e1642970696500.jpg\" data-elementor-open-lightbox=\"yes\" data-elementor-lightbox-title=\"bagger3\" data-e-action-hash=\"#elementor-action%3Aaction%3Dlightbox%26settings%3DeyJpZCI6MTM4LCJ1cmwiOiJodHRwczpcL1wvc3RyYXNzZW5iYXUtbGVpdHouZGVcL3dwLWNvbnRlbnRcL3VwbG9hZHNcLzIwMjJcLzAxXC9iYWdnZXIzLWUxNjQyOTcwNjk2NTAwLmpwZyJ9\">\n\t\t\t\t\t\t\t<img decoding=\"async\" width=\"497\" height=\"1024\" src=\"https:\/\/strassenbau-leitz.de\/wp-content\/uploads\/2022\/01\/bagger3-497x1024.jpg\" class=\"attachment-large size-large wp-image-138\" alt=\"\" loading=\"lazy\" srcset=\"https:\/\/strassenbau-leitz.de\/wp-content\/uploads\/2022\/01\/bagger3-497x1024.jpg 497w, https:\/\/strassenbau-leitz.de\/wp-content\/uploads\/2022\/01\/bagger3-746x1536.jpg 746w\" sizes=\"(max-width: 497px) 100vw, 497px\" \/>\t\t\t\t\t\t\t\t<\/a>\n\t\t\t\t\t\t\t\t\t\t\t\t\t\t\t<\/div>\n\t\t\t\t<\/div>\n\t\t\t\t<div class=\"elementor-element elementor-element-1bffecc elementor-widget elementor-widget-heading\" data-id=\"1bffecc\" data-element_type=\"widget\" data-widget_type=\"heading.default\">\n\t\t\t\t<div class=\"elementor-widget-container\">\n\t\t\t<style>\/*! elementor - v3.11.1 - 15-02-2023 *\/\n.elementor-heading-title{padding:0;margin:0;line-height:1}.elementor-widget-heading .elementor-heading-title[class*=elementor-size-]>a{color:inherit;font-size:inherit;line-height:inherit}.elementor-widget-heading .elementor-heading-title.elementor-size-small{font-size:15px}.elementor-widget-heading .elementor-heading-title.elementor-size-medium{font-size:19px}.elementor-widget-heading .elementor-heading-title.elementor-size-large{font-size:29px}.elementor-widget-heading .elementor-heading-title.elementor-size-xl{font-size:39px}.elementor-widget-heading .elementor-heading-title.elementor-size-xxl{font-size:59px}<\/style><h2 class=\"elementor-heading-title elementor-size-default\">Neuer Bagger\n<\/h2>\t\t<\/div>\n\t\t\t\t<\/div>\n\t\t\t\t\t<\/div>\n\t\t<\/div>\n\t\t\t\t\t\t\t<\/div>\n\t\t<\/section>\n\t\t\t\t<section class=\"elementor-section elementor-top-section elementor-element elementor-element-799ef9e elementor-section-boxed elementor-section-height-default elementor-section-height-default\" data-id=\"799ef9e\" data-element_type=\"section\">\n\t\t\t\t\t\t<div class=\"elementor-container elementor-column-gap-default\">\n\t\t\t\t\t<div class=\"elementor-column elementor-col-100 elementor-top-column elementor-element elementor-element-2fb35ba\" data-id=\"2fb35ba\" data-element_type=\"column\">\n\t\t\t<div class=\"elementor-widget-wrap elementor-element-populated\">\n\t\t\t\t\t\t\t\t<div class=\"elementor-element elementor-element-320b04c elementor-widget elementor-widget-image\" data-id=\"320b04c\" data-element_type=\"widget\" data-widget_type=\"image.default\">\n\t\t\t\t<div class=\"elementor-widget-container\">\n\t\t\t\t\t\t\t\t\t\t\t\t\t\t\t\t<a href=\"https:\/\/strassenbau-leitz.de\/wp-content\/uploads\/2022\/01\/minibagger-e1642970609559.jpg\" data-elementor-open-lightbox=\"yes\" data-elementor-lightbox-title=\"minibagger\" data-e-action-hash=\"#elementor-action%3Aaction%3Dlightbox%26settings%3DeyJpZCI6MTM1LCJ1cmwiOiJodHRwczpcL1wvc3RyYXNzZW5iYXUtbGVpdHouZGVcL3dwLWNvbnRlbnRcL3VwbG9hZHNcLzIwMjJcLzAxXC9taW5pYmFnZ2VyLWUxNjQyOTcwNjA5NTU5LmpwZyJ9\">\n\t\t\t\t\t\t\t<img decoding=\"async\" width=\"725\" height=\"1024\" src=\"https:\/\/strassenbau-leitz.de\/wp-content\/uploads\/2022\/01\/minibagger-e1642970609559-725x1024.jpg\" class=\"attachment-large size-large wp-image-135\" alt=\"\" loading=\"lazy\" srcset=\"https:\/\/strassenbau-leitz.de\/wp-content\/uploads\/2022\/01\/minibagger-e1642970609559-725x1024.jpg 725w, https:\/\/strassenbau-leitz.de\/wp-content\/uploads\/2022\/01\/minibagger-e1642970609559-212x300.jpg 212w, https:\/\/strassenbau-leitz.de\/wp-content\/uploads\/2022\/01\/minibagger-e1642970609559-768x1085.jpg 768w, https:\/\/strassenbau-leitz.de\/wp-content\/uploads\/2022\/01\/minibagger-e1642970609559.jpg 776w\" sizes=\"(max-width: 725px) 100vw, 725px\" \/>\t\t\t\t\t\t\t\t<\/a>\n\t\t\t\t\t\t\t\t\t\t\t\t\t\t\t<\/div>\n\t\t\t\t<\/div>\n\t\t\t\t<div class=\"elementor-element elementor-element-7fc7587 elementor-widget elementor-widget-image\" data-id=\"7fc7587\" data-element_type=\"widget\" data-widget_type=\"image.default\">\n\t\t\t\t<div class=\"elementor-widget-container\">\n\t\t\t\t\t\t\t\t\t\t\t\t\t\t\t\t<a href=\"https:\/\/strassenbau-leitz.de\/wp-content\/uploads\/2022\/01\/minibagger1-1.jpg\" data-elementor-open-lightbox=\"yes\" data-elementor-lightbox-title=\"minibagger1\" data-e-action-hash=\"#elementor-action%3Aaction%3Dlightbox%26settings%3DeyJpZCI6MTQyLCJ1cmwiOiJodHRwczpcL1wvc3RyYXNzZW5iYXUtbGVpdHouZGVcL3dwLWNvbnRlbnRcL3VwbG9hZHNcLzIwMjJcLzAxXC9taW5pYmFnZ2VyMS0xLmpwZyJ9\">\n\t\t\t\t\t\t\t<img decoding=\"async\" width=\"800\" height=\"388\" src=\"https:\/\/strassenbau-leitz.de\/wp-content\/uploads\/2022\/01\/minibagger1-1-1024x497.jpg\" class=\"attachment-large size-large wp-image-142\" alt=\"\" loading=\"lazy\" srcset=\"https:\/\/strassenbau-leitz.de\/wp-content\/uploads\/2022\/01\/minibagger1-1-1024x497.jpg 1024w, https:\/\/strassenbau-leitz.de\/wp-content\/uploads\/2022\/01\/minibagger1-1-300x146.jpg 300w, https:\/\/strassenbau-leitz.de\/wp-content\/uploads\/2022\/01\/minibagger1-1-768x373.jpg 768w, https:\/\/strassenbau-leitz.de\/wp-content\/uploads\/2022\/01\/minibagger1-1-1536x746.jpg 1536w, https:\/\/strassenbau-leitz.de\/wp-content\/uploads\/2022\/01\/minibagger1-1.jpg 1600w\" sizes=\"(max-width: 800px) 100vw, 800px\" \/>\t\t\t\t\t\t\t\t<\/a>\n\t\t\t\t\t\t\t\t\t\t\t\t\t\t\t<\/div>\n\t\t\t\t<\/div>\n\t\t\t\t<div class=\"elementor-element elementor-element-fe5b19c elementor-widget elementor-widget-heading\" data-id=\"fe5b19c\" data-element_type=\"widget\" data-widget_type=\"heading.default\">\n\t\t\t\t<div class=\"elementor-widget-container\">\n\t\t\t<h2 class=\"elementor-heading-title elementor-size-default\">Neuer Minibagger\n\n<\/h2>\t\t<\/div>\n\t\t\t\t<\/div>\n\t\t\t\t\t<\/div>\n\t\t<\/div>\n\t\t\t\t\t\t\t<\/div>\n\t\t<\/section>\n\t\t\t\t<section class=\"elementor-section elementor-top-section elementor-element elementor-element-a898780 elementor-section-boxed elementor-section-height-default elementor-section-height-default\" data-id=\"a898780\" data-element_type=\"section\">\n\t\t\t\t\t\t<div class=\"elementor-container elementor-column-gap-default\">\n\t\t\t\t\t<div class=\"elementor-column elementor-col-100 elementor-top-column elementor-element elementor-element-0ec8d8f\" data-id=\"0ec8d8f\" data-element_type=\"column\">\n\t\t\t<div class=\"elementor-widget-wrap elementor-element-populated\">\n\t\t\t\t\t\t\t\t<div class=\"elementor-element elementor-element-46ec11c elementor-widget elementor-widget-image\" data-id=\"46ec11c\" data-element_type=\"widget\" data-widget_type=\"image.default\">\n\t\t\t\t<div class=\"elementor-widget-container\">\n\t\t\t\t\t\t\t\t\t\t\t\t\t\t\t\t<a href=\"https:\/\/strassenbau-leitz.de\/wp-content\/uploads\/2022\/01\/lkw1-e1642970164749.jpg\" data-elementor-open-lightbox=\"yes\" data-elementor-lightbox-title=\"lkw1\" data-e-action-hash=\"#elementor-action%3Aaction%3Dlightbox%26settings%3DeyJpZCI6MTM3LCJ1cmwiOiJodHRwczpcL1wvc3RyYXNzZW5iYXUtbGVpdHouZGVcL3dwLWNvbnRlbnRcL3VwbG9hZHNcLzIwMjJcLzAxXC9sa3cxLWUxNjQyOTcwMTY0NzQ5LmpwZyJ9\">\n\t\t\t\t\t\t\t<img decoding=\"async\" width=\"497\" height=\"1024\" src=\"https:\/\/strassenbau-leitz.de\/wp-content\/uploads\/2022\/01\/lkw1-497x1024.jpg\" class=\"attachment-large size-large wp-image-137\" alt=\"\" loading=\"lazy\" srcset=\"https:\/\/strassenbau-leitz.de\/wp-content\/uploads\/2022\/01\/lkw1-497x1024.jpg 497w, https:\/\/strassenbau-leitz.de\/wp-content\/uploads\/2022\/01\/lkw1-746x1536.jpg 746w\" sizes=\"(max-width: 497px) 100vw, 497px\" \/>\t\t\t\t\t\t\t\t<\/a>\n\t\t\t\t\t\t\t\t\t\t\t\t\t\t\t<\/div>\n\t\t\t\t<\/div>\n\t\t\t\t<div class=\"elementor-element elementor-element-79be07b elementor-widget elementor-widget-heading\" data-id=\"79be07b\" data-element_type=\"widget\" data-widget_type=\"heading.default\">\n\t\t\t\t<div class=\"elementor-widget-container\">\n\t\t\t<h2 class=\"elementor-heading-title elementor-size-default\">Neuer LKW und H\u00e4nger\n<\/h2>\t\t<\/div>\n\t\t\t\t<\/div>\n\t\t\t\t\t<\/div>\n\t\t<\/div>\n\t\t\t\t\t\t\t<\/div>\n\t\t<\/section>\n\t\t\t\t<section class=\"elementor-section elementor-top-section elementor-element elementor-element-cfa1c3a elementor-section-boxed elementor-section-height-default elementor-section-height-default\" data-id=\"cfa1c3a\" data-element_type=\"section\">\n\t\t\t\t\t\t<div class=\"elementor-container elementor-column-gap-default\">\n\t\t\t\t\t<div class=\"elementor-column elementor-col-100 elementor-top-column elementor-element elementor-element-3724855\" data-id=\"3724855\" data-element_type=\"column\">\n\t\t\t<div class=\"elementor-widget-wrap elementor-element-populated\">\n\t\t\t\t\t\t\t\t<div class=\"elementor-element elementor-element-ca652d0 elementor-widget elementor-widget-image\" data-id=\"ca652d0\" data-element_type=\"widget\" data-widget_type=\"image.default\">\n\t\t\t\t<div class=\"elementor-widget-container\">\n\t\t\t\t\t\t\t\t\t\t\t\t\t\t\t\t<a href=\"https:\/\/strassenbau-leitz.de\/wp-content\/uploads\/2022\/01\/hoeaenger1-e1642970177513.jpg\" data-elementor-open-lightbox=\"yes\" data-elementor-lightbox-title=\"h\u00f6\u00e4nger1\" data-e-action-hash=\"#elementor-action%3Aaction%3Dlightbox%26settings%3DeyJpZCI6MTM2LCJ1cmwiOiJodHRwczpcL1wvc3RyYXNzZW5iYXUtbGVpdHouZGVcL3dwLWNvbnRlbnRcL3VwbG9hZHNcLzIwMjJcLzAxXC9ob2VhZW5nZXIxLWUxNjQyOTcwMTc3NTEzLmpwZyJ9\">\n\t\t\t\t\t\t\t<img decoding=\"async\" width=\"497\" height=\"1024\" src=\"https:\/\/strassenbau-leitz.de\/wp-content\/uploads\/2022\/01\/hoeaenger1-497x1024.jpg\" class=\"attachment-large size-large wp-image-136\" alt=\"\" loading=\"lazy\" srcset=\"https:\/\/strassenbau-leitz.de\/wp-content\/uploads\/2022\/01\/hoeaenger1-497x1024.jpg 497w, https:\/\/strassenbau-leitz.de\/wp-content\/uploads\/2022\/01\/hoeaenger1-746x1536.jpg 746w\" sizes=\"(max-width: 497px) 100vw, 497px\" \/>\t\t\t\t\t\t\t\t<\/a>\n\t\t\t\t\t\t\t\t\t\t\t\t\t\t\t<\/div>\n\t\t\t\t<\/div>\n\t\t\t\t<div class=\"elementor-element elementor-element-cdcd6cd elementor-widget elementor-widget-heading\" data-id=\"cdcd6cd\" data-element_type=\"widget\" data-widget_type=\"heading.default\">\n\t\t\t\t<div class=\"elementor-widget-container\">\n\t\t\t<h2 class=\"elementor-heading-title elementor-size-default\">Minibagger mit Anbauger\u00e4ten<\/h2>\t\t<\/div>\n\t\t\t\t<\/div>\n\t\t\t\t\t<\/div>\n\t\t<\/div>\n\t\t\t\t\t\t\t<\/div>\n\t\t<\/section>\n\t\t\t\t<section class=\"elementor-section elementor-top-section elementor-element elementor-element-6dc6274 elementor-section-boxed elementor-section-height-default elementor-section-height-default\" data-id=\"6dc6274\" data-element_type=\"section\">\n\t\t\t\t\t\t<div class=\"elementor-container elementor-column-gap-default\">\n\t\t\t\t\t<div class=\"elementor-column elementor-col-100 elementor-top-column elementor-element elementor-element-442fcba\" data-id=\"442fcba\" data-element_type=\"column\">\n\t\t\t<div class=\"elementor-widget-wrap elementor-element-populated\">\n\t\t\t\t\t\t\t\t<div class=\"elementor-element elementor-element-cac0a9c elementor-widget elementor-widget-image\" data-id=\"cac0a9c\" data-element_type=\"widget\" data-widget_type=\"image.default\">\n\t\t\t\t<div class=\"elementor-widget-container\">\n\t\t\t\t\t\t\t\t\t\t\t\t\t\t\t<img decoding=\"async\" width=\"800\" height=\"534\" src=\"https:\/\/strassenbau-leitz.de\/wp-content\/uploads\/2022\/01\/p1010208-1.jpg\" class=\"attachment-large size-large wp-image-113\" alt=\"\" loading=\"lazy\" srcset=\"https:\/\/strassenbau-leitz.de\/wp-content\/uploads\/2022\/01\/p1010208-1.jpg 1024w, https:\/\/strassenbau-leitz.de\/wp-content\/uploads\/2022\/01\/p1010208-1-300x200.jpg 300w, https:\/\/strassenbau-leitz.de\/wp-content\/uploads\/2022\/01\/p1010208-1-768x512.jpg 768w\" sizes=\"(max-width: 800px) 100vw, 800px\" \/>\t\t\t\t\t\t\t\t\t\t\t\t\t\t\t<\/div>\n\t\t\t\t<\/div>\n\t\t\t\t<div class=\"elementor-element elementor-element-c4ce3e9 elementor-widget elementor-widget-heading\" data-id=\"c4ce3e9\" data-element_type=\"widget\" data-widget_type=\"heading.default\">\n\t\t\t\t<div class=\"elementor-widget-container\">\n\t\t\t<h2 class=\"elementor-heading-title elementor-size-default\">Midibagger 12 Tonnen mit diversen Anbauger\u00e4ten\n\n<\/h2>\t\t<\/div>\n\t\t\t\t<\/div>\n\t\t\t\t\t<\/div>\n\t\t<\/div>\n\t\t\t\t\t\t\t<\/div>\n\t\t<\/section>\n\t\t\t\t<section class=\"elementor-section elementor-top-section elementor-element elementor-element-3633673 elementor-section-boxed elementor-section-height-default elementor-section-height-default\" data-id=\"3633673\" data-element_type=\"section\">\n\t\t\t\t\t\t<div class=\"elementor-container elementor-column-gap-default\">\n\t\t\t\t\t<div class=\"elementor-column elementor-col-100 elementor-top-column elementor-element elementor-element-71026ba\" data-id=\"71026ba\" data-element_type=\"column\">\n\t\t\t<div class=\"elementor-widget-wrap elementor-element-populated\">\n\t\t\t\t\t\t\t\t<div class=\"elementor-element elementor-element-caef691 elementor-widget elementor-widget-image\" data-id=\"caef691\" data-element_type=\"widget\" data-widget_type=\"image.default\">\n\t\t\t\t<div class=\"elementor-widget-container\">\n\t\t\t\t\t\t\t\t\t\t\t\t\t\t\t<img decoding=\"async\" width=\"800\" height=\"534\" src=\"https:\/\/strassenbau-leitz.de\/wp-content\/uploads\/2022\/01\/P1010222-1.jpg\" class=\"attachment-large size-large wp-image-114\" alt=\"\" loading=\"lazy\" srcset=\"https:\/\/strassenbau-leitz.de\/wp-content\/uploads\/2022\/01\/P1010222-1.jpg 1024w, https:\/\/strassenbau-leitz.de\/wp-content\/uploads\/2022\/01\/P1010222-1-300x200.jpg 300w, https:\/\/strassenbau-leitz.de\/wp-content\/uploads\/2022\/01\/P1010222-1-768x512.jpg 768w\" sizes=\"(max-width: 800px) 100vw, 800px\" \/>\t\t\t\t\t\t\t\t\t\t\t\t\t\t\t<\/div>\n\t\t\t\t<\/div>\n\t\t\t\t<div class=\"elementor-element elementor-element-f0651c9 elementor-widget elementor-widget-heading\" data-id=\"f0651c9\" data-element_type=\"widget\" data-widget_type=\"heading.default\">\n\t\t\t\t<div class=\"elementor-widget-container\">\n\t\t\t<h2 class=\"elementor-heading-title elementor-size-default\">LKW 15 Tonnen, 3-Achser\n\n\n<\/h2>\t\t<\/div>\n\t\t\t\t<\/div>\n\t\t\t\t\t<\/div>\n\t\t<\/div>\n\t\t\t\t\t\t\t<\/div>\n\t\t<\/section>\n\t\t\t\t<section class=\"elementor-section elementor-top-section elementor-element elementor-element-9a773b2 elementor-section-boxed elementor-section-height-default elementor-section-height-default\" data-id=\"9a773b2\" data-element_type=\"section\">\n\t\t\t\t\t\t<div class=\"elementor-container elementor-column-gap-default\">\n\t\t\t\t\t<div class=\"elementor-column elementor-col-100 elementor-top-column elementor-element elementor-element-0e4f21f\" data-id=\"0e4f21f\" data-element_type=\"column\">\n\t\t\t<div class=\"elementor-widget-wrap elementor-element-populated\">\n\t\t\t\t\t\t\t\t<div class=\"elementor-element elementor-element-6607d1e elementor-widget elementor-widget-image\" data-id=\"6607d1e\" data-element_type=\"widget\" data-widget_type=\"image.default\">\n\t\t\t\t<div class=\"elementor-widget-container\">\n\t\t\t\t\t\t\t\t\t\t\t\t\t\t\t<img decoding=\"async\" width=\"800\" height=\"534\" src=\"https:\/\/strassenbau-leitz.de\/wp-content\/uploads\/2022\/01\/P1010223.jpg\" class=\"attachment-large size-large wp-image-109\" alt=\"\" loading=\"lazy\" srcset=\"https:\/\/strassenbau-leitz.de\/wp-content\/uploads\/2022\/01\/P1010223.jpg 1024w, https:\/\/strassenbau-leitz.de\/wp-content\/uploads\/2022\/01\/P1010223-300x200.jpg 300w, https:\/\/strassenbau-leitz.de\/wp-content\/uploads\/2022\/01\/P1010223-768x512.jpg 768w\" sizes=\"(max-width: 800px) 100vw, 800px\" \/>\t\t\t\t\t\t\t\t\t\t\t\t\t\t\t<\/div>\n\t\t\t\t<\/div>\n\t\t\t\t<div class=\"elementor-element elementor-element-a8d618a elementor-widget elementor-widget-image\" data-id=\"a8d618a\" data-element_type=\"widget\" data-widget_type=\"image.default\">\n\t\t\t\t<div class=\"elementor-widget-container\">\n\t\t\t\t\t\t\t\t\t\t\t\t\t\t\t<img decoding=\"async\" width=\"800\" height=\"534\" src=\"https:\/\/strassenbau-leitz.de\/wp-content\/uploads\/2022\/01\/p1010216.jpg\" class=\"attachment-large size-large wp-image-103\" alt=\"\" loading=\"lazy\" srcset=\"https:\/\/strassenbau-leitz.de\/wp-content\/uploads\/2022\/01\/p1010216.jpg 1024w, https:\/\/strassenbau-leitz.de\/wp-content\/uploads\/2022\/01\/p1010216-300x200.jpg 300w, https:\/\/strassenbau-leitz.de\/wp-content\/uploads\/2022\/01\/p1010216-768x512.jpg 768w\" sizes=\"(max-width: 800px) 100vw, 800px\" \/>\t\t\t\t\t\t\t\t\t\t\t\t\t\t\t<\/div>\n\t\t\t\t<\/div>\n\t\t\t\t<div class=\"elementor-element elementor-element-7aba202 elementor-widget elementor-widget-heading\" data-id=\"7aba202\" data-element_type=\"widget\" data-widget_type=\"heading.default\">\n\t\t\t\t<div class=\"elementor-widget-container\">\n\t\t\t<h2 class=\"elementor-heading-title elementor-size-default\">Grader\n\n<\/h2>\t\t<\/div>\n\t\t\t\t<\/div>\n\t\t\t\t\t<\/div>\n\t\t<\/div>\n\t\t\t\t\t\t\t<\/div>\n\t\t<\/section>\n\t\t\t\t\t\t\t<\/div>\n\t\t","protected":false},"excerpt":{"rendered":"<p>Neuer Bagger Neuer Minibagger Neuer LKW und H\u00e4nger Minibagger mit Anbauger\u00e4ten Midibagger 12 Tonnen mit diversen Anbauger\u00e4ten LKW 15 Tonnen,<\/p>\n","protected":false},"author":1,"featured_media":0,"parent":0,"menu_order":0,"comment_status":"closed","ping_status":"closed","template":"","meta":[],"_links":{"self":[{"href":"https:\/\/strassenbau-leitz.de\/index.php?rest_route=\/wp\/v2\/pages\/13"}],"collection":[{"href":"https:\/\/strassenbau-leitz.de\/index.php?rest_route=\/wp\/v2\/pages"}],"about":[{"href":"https:\/\/strassenbau-leitz.de\/index.php?rest_route=\/wp\/v2\/types\/page"}],"author":[{"embeddable":true,"href":"https:\/\/strassenbau-leitz.de\/index.php?rest_route=\/wp\/v2\/users\/1"}],"replies":[{"embeddable":true,"href":"https:\/\/strassenbau-leitz.de\/index.php?rest_route=%2Fwp%2Fv2%2Fcomments&post=13"}],"version-history":[{"count":16,"href":"https:\/\/strassenbau-leitz.de\/index.php?rest_route=\/wp\/v2\/pages\/13\/revisions"}],"predecessor-version":[{"id":186,"href":"https:\/\/strassenbau-leitz.de\/index.php?rest_route=\/wp\/v2\/pages\/13\/revisions\/186"}],"wp:attachment":[{"href":"https:\/\/strassenbau-leitz.de\/index.php?rest_route=%2Fwp%2Fv2%2Fmedia&parent=13"}],"curies":[{"name":"wp","href":"https:\/\/api.w.org\/{rel}","templated":true}]}}